{"id":778,"date":"2023-10-30T14:28:06","date_gmt":"2023-10-30T14:28:06","guid":{"rendered":"https:\/\/www.smutnesynagogi.pl\/?page_id=778"},"modified":"2023-10-30T14:37:15","modified_gmt":"2023-10-30T14:37:15","slug":"pobierz","status":"publish","type":"page","link":"https:\/\/www.smutnesynagogi.pl\/index.php\/pobierz\/","title":{"rendered":"Do pobrania"},"content":{"rendered":"<div id=\"dslc-theme-content\"><div id=\"dslc-theme-content-inner\"><div id=\"attachment_792\" style=\"width: 328px\" class=\"wp-caption alignleft\"><a href=\"http:\/\/www.smutnesynagogi.pl\/wp-content\/uploads\/2023\/10\/Konskie-przewodnik-wersja-PDF.pdf\"><img fetchpriority=\"high\" decoding=\"async\" aria-describedby=\"caption-attachment-792\" class=\"Broszura informacyjna: &quot;Koneccy \u017bydzi&quot;. Przygotowana w ramach Europejskich Dni Kultury \u017bydowskiej przez Smutne Synagogi na potrzeby Spaceru \u015bladami \u017byd\u00f3w koneckich, kt\u00f3ry odby\u0142 si\u0119 w Ko\u0144skich 29.10.2023 roku. wp-image-792\" title=\"Broszura informacyjna: &quot;Koneccy \u017bydzi&quot;. Przygotowana w ramach Europejskich Dni Kultury \u017bydowskiej przez Smutne Synagogi na potrzeby Spaceru \u015bladami \u017byd\u00f3w koneckich, kt\u00f3ry odby\u0142 si\u0119 w Ko\u0144skich 29.10.2023 roku.\" src=\"http:\/\/www.smutnesynagogi.pl\/wp-content\/uploads\/2023\/10\/Przewodnik-Sladami-Zydow-Koneckich-689x1024.jpg\" alt=\"Broszura informacyjna: &quot;Koneccy \u017bydzi&quot;. Przygotowana w ramach Europejskich Dni Kultury \u017bydowskiej przez Smutne Synagogi na potrzeby Spaceru \u015bladami \u017byd\u00f3w koneckich, kt\u00f3ry odby\u0142 si\u0119 w Ko\u0144skich 29.10.2023 roku.\" width=\"318\" height=\"472\" srcset=\"https:\/\/www.smutnesynagogi.pl\/wp-content\/uploads\/2023\/10\/Przewodnik-Sladami-Zydow-Koneckich-689x1024.jpg 689w, https:\/\/www.smutnesynagogi.pl\/wp-content\/uploads\/2023\/10\/Przewodnik-Sladami-Zydow-Koneckich-600x892.jpg 600w, https:\/\/www.smutnesynagogi.pl\/wp-content\/uploads\/2023\/10\/Przewodnik-Sladami-Zydow-Koneckich-202x300.jpg 202w, https:\/\/www.smutnesynagogi.pl\/wp-content\/uploads\/2023\/10\/Przewodnik-Sladami-Zydow-Koneckich-768x1141.jpg 768w, https:\/\/www.smutnesynagogi.pl\/wp-content\/uploads\/2023\/10\/Przewodnik-Sladami-Zydow-Koneckich.jpg 841w\" sizes=\"(max-width: 318px) 100vw, 318px\" \/><\/a><p id=\"caption-attachment-792\" class=\"wp-caption-text\">Broszura informacyjna: \"Koneccy \u017bydzi\". Przygotowana w ramach Europejskich Dni Kultury \u017bydowskiej przez Smutne Synagogi na potrzeby Spaceru \u015bladami \u017byd\u00f3w koneckich, kt\u00f3ry odby\u0142 si\u0119 w Ko\u0144skich 29.10.2023 roku.<\/p><\/div>\n<p>&nbsp;<\/p>\n<\/div><\/div>","protected":false},"excerpt":{"rendered":"<p>&nbsp;<\/p>\n","protected":false},"author":1,"featured_media":0,"parent":0,"menu_order":0,"comment_status":"closed","ping_status":"closed","template":"","meta":{"_monsterinsights_skip_tracking":false,"_monsterinsights_sitenote_active":false,"_monsterinsights_sitenote_note":"","_monsterinsights_sitenote_category":0,"footnotes":""},"class_list":["post-778","page","type-page","status-publish","hentry"],"aioseo_notices":[],"yoast_head":"<!-- This site is optimized with the Yoast SEO plugin v27.4 - https:\/\/yoast.com\/product\/yoast-seo-wordpress\/ -->\n<title>Do pobrania - Smutne synagogi<\/title>\n<meta name=\"robots\" content=\"index, follow, max-snippet:-1, max-image-preview:large, max-video-preview:-1\" \/>\n<link rel=\"canonical\" href=\"https:\/\/www.smutnesynagogi.pl\/index.php\/pobierz\/\" \/>\n<meta property=\"og:locale\" content=\"pl_PL\" \/>\n<meta property=\"og:type\" content=\"article\" \/>\n<meta property=\"og:title\" content=\"Do pobrania - Smutne synagogi\" \/>\n<meta property=\"og:description\" content=\"&nbsp;\" \/>\n<meta property=\"og:url\" content=\"https:\/\/www.smutnesynagogi.pl\/index.php\/pobierz\/\" \/>\n<meta property=\"og:site_name\" content=\"Smutne synagogi\" \/>\n<meta property=\"article:modified_time\" content=\"2023-10-30T14:37:15+00:00\" \/>\n<meta property=\"og:image\" content=\"http:\/\/www.smutnesynagogi.pl\/wp-content\/uploads\/2023\/10\/Przewodnik-Sladami-Zydow-Koneckich-689x1024.jpg\" \/>\n<meta name=\"twitter:card\" content=\"summary_large_image\" \/>\n<meta name=\"twitter:label1\" content=\"Szacowany czas czytania\" \/>\n\t<meta name=\"twitter:data1\" content=\"1 minuta\" \/>\n<script type=\"application\/ld+json\" class=\"yoast-schema-graph\">{\"@context\":\"https:\\\/\\\/schema.org\",\"@graph\":[{\"@type\":\"WebPage\",\"@id\":\"https:\\\/\\\/www.smutnesynagogi.pl\\\/index.php\\\/pobierz\\\/\",\"url\":\"https:\\\/\\\/www.smutnesynagogi.pl\\\/index.php\\\/pobierz\\\/\",\"name\":\"Do pobrania - Smutne synagogi\",\"isPartOf\":{\"@id\":\"https:\\\/\\\/www.smutnesynagogi.pl\\\/#website\"},\"primaryImageOfPage\":{\"@id\":\"https:\\\/\\\/www.smutnesynagogi.pl\\\/index.php\\\/pobierz\\\/#primaryimage\"},\"image\":{\"@id\":\"https:\\\/\\\/www.smutnesynagogi.pl\\\/index.php\\\/pobierz\\\/#primaryimage\"},\"thumbnailUrl\":\"http:\\\/\\\/www.smutnesynagogi.pl\\\/wp-content\\\/uploads\\\/2023\\\/10\\\/Przewodnik-Sladami-Zydow-Koneckich-689x1024.jpg\",\"datePublished\":\"2023-10-30T14:28:06+00:00\",\"dateModified\":\"2023-10-30T14:37:15+00:00\",\"breadcrumb\":{\"@id\":\"https:\\\/\\\/www.smutnesynagogi.pl\\\/index.php\\\/pobierz\\\/#breadcrumb\"},\"inLanguage\":\"pl-PL\",\"potentialAction\":[{\"@type\":\"ReadAction\",\"target\":[\"https:\\\/\\\/www.smutnesynagogi.pl\\\/index.php\\\/pobierz\\\/\"]}]},{\"@type\":\"ImageObject\",\"inLanguage\":\"pl-PL\",\"@id\":\"https:\\\/\\\/www.smutnesynagogi.pl\\\/index.php\\\/pobierz\\\/#primaryimage\",\"url\":\"http:\\\/\\\/www.smutnesynagogi.pl\\\/wp-content\\\/uploads\\\/2023\\\/10\\\/Przewodnik-Sladami-Zydow-Koneckich-689x1024.jpg\",\"contentUrl\":\"http:\\\/\\\/www.smutnesynagogi.pl\\\/wp-content\\\/uploads\\\/2023\\\/10\\\/Przewodnik-Sladami-Zydow-Koneckich-689x1024.jpg\"},{\"@type\":\"BreadcrumbList\",\"@id\":\"https:\\\/\\\/www.smutnesynagogi.pl\\\/index.php\\\/pobierz\\\/#breadcrumb\",\"itemListElement\":[{\"@type\":\"ListItem\",\"position\":1,\"name\":\"Strona g\u0142\u00f3wna\",\"item\":\"https:\\\/\\\/www.smutnesynagogi.pl\\\/\"},{\"@type\":\"ListItem\",\"position\":2,\"name\":\"Do pobrania\"}]},{\"@type\":\"WebSite\",\"@id\":\"https:\\\/\\\/www.smutnesynagogi.pl\\\/#website\",\"url\":\"https:\\\/\\\/www.smutnesynagogi.pl\\\/\",\"name\":\"Smutne synagogi\",\"description\":\"Robi\u0119 zdj\u0119cia synagogom i obiektom po\u017cydowskim, kt&oacute;re zabija polska szko\u0142a reklamy i ochrony zabytk&oacute;w\",\"publisher\":{\"@id\":\"https:\\\/\\\/www.smutnesynagogi.pl\\\/#\\\/schema\\\/person\\\/0c7450f003789355636ab018cfb4a00f\"},\"potentialAction\":[{\"@type\":\"SearchAction\",\"target\":{\"@type\":\"EntryPoint\",\"urlTemplate\":\"https:\\\/\\\/www.smutnesynagogi.pl\\\/?s={search_term_string}\"},\"query-input\":{\"@type\":\"PropertyValueSpecification\",\"valueRequired\":true,\"valueName\":\"search_term_string\"}}],\"inLanguage\":\"pl-PL\"},{\"@type\":[\"Person\",\"Organization\"],\"@id\":\"https:\\\/\\\/www.smutnesynagogi.pl\\\/#\\\/schema\\\/person\\\/0c7450f003789355636ab018cfb4a00f\",\"name\":\"admin\",\"image\":{\"@type\":\"ImageObject\",\"inLanguage\":\"pl-PL\",\"@id\":\"http:\\\/\\\/www.smutnesynagogi.pl\\\/wp-content\\\/uploads\\\/2021\\\/11\\\/Smutne-synagogi.png\",\"url\":\"http:\\\/\\\/www.smutnesynagogi.pl\\\/wp-content\\\/uploads\\\/2021\\\/11\\\/Smutne-synagogi.png\",\"contentUrl\":\"http:\\\/\\\/www.smutnesynagogi.pl\\\/wp-content\\\/uploads\\\/2021\\\/11\\\/Smutne-synagogi.png\",\"width\":1920,\"height\":450,\"caption\":\"admin\"},\"logo\":{\"@id\":\"http:\\\/\\\/www.smutnesynagogi.pl\\\/wp-content\\\/uploads\\\/2021\\\/11\\\/Smutne-synagogi.png\"},\"sameAs\":[\"http:\\\/\\\/www.smutnesynagogi.pl\"]}]}<\/script>\n<!-- \/ Yoast SEO plugin. -->","yoast_head_json":{"title":"Do pobrania - Smutne synagogi","robots":{"index":"index","follow":"follow","max-snippet":"max-snippet:-1","max-image-preview":"max-image-preview:large","max-video-preview":"max-video-preview:-1"},"canonical":"https:\/\/www.smutnesynagogi.pl\/index.php\/pobierz\/","og_locale":"pl_PL","og_type":"article","og_title":"Do pobrania - Smutne synagogi","og_description":"&nbsp;","og_url":"https:\/\/www.smutnesynagogi.pl\/index.php\/pobierz\/","og_site_name":"Smutne synagogi","article_modified_time":"2023-10-30T14:37:15+00:00","og_image":[{"url":"http:\/\/www.smutnesynagogi.pl\/wp-content\/uploads\/2023\/10\/Przewodnik-Sladami-Zydow-Koneckich-689x1024.jpg","type":"","width":"","height":""}],"twitter_card":"summary_large_image","twitter_misc":{"Szacowany czas czytania":"1 minuta"},"schema":{"@context":"https:\/\/schema.org","@graph":[{"@type":"WebPage","@id":"https:\/\/www.smutnesynagogi.pl\/index.php\/pobierz\/","url":"https:\/\/www.smutnesynagogi.pl\/index.php\/pobierz\/","name":"Do pobrania - Smutne synagogi","isPartOf":{"@id":"https:\/\/www.smutnesynagogi.pl\/#website"},"primaryImageOfPage":{"@id":"https:\/\/www.smutnesynagogi.pl\/index.php\/pobierz\/#primaryimage"},"image":{"@id":"https:\/\/www.smutnesynagogi.pl\/index.php\/pobierz\/#primaryimage"},"thumbnailUrl":"http:\/\/www.smutnesynagogi.pl\/wp-content\/uploads\/2023\/10\/Przewodnik-Sladami-Zydow-Koneckich-689x1024.jpg","datePublished":"2023-10-30T14:28:06+00:00","dateModified":"2023-10-30T14:37:15+00:00","breadcrumb":{"@id":"https:\/\/www.smutnesynagogi.pl\/index.php\/pobierz\/#breadcrumb"},"inLanguage":"pl-PL","potentialAction":[{"@type":"ReadAction","target":["https:\/\/www.smutnesynagogi.pl\/index.php\/pobierz\/"]}]},{"@type":"ImageObject","inLanguage":"pl-PL","@id":"https:\/\/www.smutnesynagogi.pl\/index.php\/pobierz\/#primaryimage","url":"http:\/\/www.smutnesynagogi.pl\/wp-content\/uploads\/2023\/10\/Przewodnik-Sladami-Zydow-Koneckich-689x1024.jpg","contentUrl":"http:\/\/www.smutnesynagogi.pl\/wp-content\/uploads\/2023\/10\/Przewodnik-Sladami-Zydow-Koneckich-689x1024.jpg"},{"@type":"BreadcrumbList","@id":"https:\/\/www.smutnesynagogi.pl\/index.php\/pobierz\/#breadcrumb","itemListElement":[{"@type":"ListItem","position":1,"name":"Strona g\u0142\u00f3wna","item":"https:\/\/www.smutnesynagogi.pl\/"},{"@type":"ListItem","position":2,"name":"Do pobrania"}]},{"@type":"WebSite","@id":"https:\/\/www.smutnesynagogi.pl\/#website","url":"https:\/\/www.smutnesynagogi.pl\/","name":"Smutne synagogi","description":"Robi\u0119 zdj\u0119cia synagogom i obiektom po\u017cydowskim, kt&oacute;re zabija polska szko\u0142a reklamy i ochrony zabytk&oacute;w","publisher":{"@id":"https:\/\/www.smutnesynagogi.pl\/#\/schema\/person\/0c7450f003789355636ab018cfb4a00f"},"potentialAction":[{"@type":"SearchAction","target":{"@type":"EntryPoint","urlTemplate":"https:\/\/www.smutnesynagogi.pl\/?s={search_term_string}"},"query-input":{"@type":"PropertyValueSpecification","valueRequired":true,"valueName":"search_term_string"}}],"inLanguage":"pl-PL"},{"@type":["Person","Organization"],"@id":"https:\/\/www.smutnesynagogi.pl\/#\/schema\/person\/0c7450f003789355636ab018cfb4a00f","name":"admin","image":{"@type":"ImageObject","inLanguage":"pl-PL","@id":"http:\/\/www.smutnesynagogi.pl\/wp-content\/uploads\/2021\/11\/Smutne-synagogi.png","url":"http:\/\/www.smutnesynagogi.pl\/wp-content\/uploads\/2021\/11\/Smutne-synagogi.png","contentUrl":"http:\/\/www.smutnesynagogi.pl\/wp-content\/uploads\/2021\/11\/Smutne-synagogi.png","width":1920,"height":450,"caption":"admin"},"logo":{"@id":"http:\/\/www.smutnesynagogi.pl\/wp-content\/uploads\/2021\/11\/Smutne-synagogi.png"},"sameAs":["http:\/\/www.smutnesynagogi.pl"]}]}},"jetpack_sharing_enabled":true,"_links":{"self":[{"href":"https:\/\/www.smutnesynagogi.pl\/index.php\/wp-json\/wp\/v2\/pages\/778","targetHints":{"allow":["GET"]}}],"collection":[{"href":"https:\/\/www.smutnesynagogi.pl\/index.php\/wp-json\/wp\/v2\/pages"}],"about":[{"href":"https:\/\/www.smutnesynagogi.pl\/index.php\/wp-json\/wp\/v2\/types\/page"}],"author":[{"embeddable":true,"href":"https:\/\/www.smutnesynagogi.pl\/index.php\/wp-json\/wp\/v2\/users\/1"}],"replies":[{"embeddable":true,"href":"https:\/\/www.smutnesynagogi.pl\/index.php\/wp-json\/wp\/v2\/comments?post=778"}],"version-history":[{"count":8,"href":"https:\/\/www.smutnesynagogi.pl\/index.php\/wp-json\/wp\/v2\/pages\/778\/revisions"}],"predecessor-version":[{"id":797,"href":"https:\/\/www.smutnesynagogi.pl\/index.php\/wp-json\/wp\/v2\/pages\/778\/revisions\/797"}],"wp:attachment":[{"href":"https:\/\/www.smutnesynagogi.pl\/index.php\/wp-json\/wp\/v2\/media?parent=778"}],"curies":[{"name":"wp","href":"https:\/\/api.w.org\/{rel}","templated":true}]}}